{"id":1145,"date":"2021-03-11T11:31:50","date_gmt":"2021-03-11T10:31:50","guid":{"rendered":"http:\/\/37351.web.zcom.it\/impressum\/"},"modified":"2025-12-11T08:43:29","modified_gmt":"2025-12-11T07:43:29","slug":"impressum","status":"publish","type":"page","link":"https:\/\/www.residence-arnika.it\/it\/impressum\/","title":{"rendered":"Impressum"},"content":{"rendered":"\t\t<div data-elementor-type=\"wp-page\" data-elementor-id=\"1145\" class=\"elementor elementor-1145 elementor-936\">\n\t\t\t\t\t\t<div class=\"elementor-inner\">\n\t\t\t\t<div class=\"elementor-section-wrap\">\n\t\t\t\t\t\t\t\t\t<section class=\"elementor-section elementor-top-section elementor-element elementor-element-a702087 elementor-section-boxed elementor-section-height-default elementor-section-height-default\" data-id=\"a702087\" data-element_type=\"section\" data-settings=\"{&quot;jet_parallax_layout_list&quot;:[{&quot;jet_parallax_layout_image&quot;:{&quot;url&quot;:&quot;&quot;,&quot;id&quot;:&quot;&quot;,&quot;size&quot;:&quot;&quot;},&quot;_id&quot;:&quot;dc0c6a2&quot;,&quot;jet_parallax_layout_speed&quot;:{&quot;unit&quot;:&quot;%&quot;,&quot;size&quot;:&quot;50&quot;,&quot;sizes&quot;:[]},&quot;jet_parallax_layout_bg_x&quot;:&quot;50&quot;,&quot;jet_parallax_layout_bg_y&quot;:&quot;50&quot;,&quot;jet_parallax_layout_image_tablet&quot;:{&quot;url&quot;:&quot;&quot;,&quot;id&quot;:&quot;&quot;,&quot;size&quot;:&quot;&quot;},&quot;jet_parallax_layout_image_mobile&quot;:{&quot;url&quot;:&quot;&quot;,&quot;id&quot;:&quot;&quot;,&quot;size&quot;:&quot;&quot;},&quot;jet_parallax_layout_type&quot;:&quot;scroll&quot;,&quot;jet_parallax_layout_direction&quot;:&quot;1&quot;,&quot;jet_parallax_layout_fx_direction&quot;:null,&quot;jet_parallax_layout_z_index&quot;:&quot;&quot;,&quot;jet_parallax_layout_bg_x_tablet&quot;:&quot;&quot;,&quot;jet_parallax_layout_bg_x_mobile&quot;:&quot;&quot;,&quot;jet_parallax_layout_bg_y_tablet&quot;:&quot;&quot;,&quot;jet_parallax_layout_bg_y_mobile&quot;:&quot;&quot;,&quot;jet_parallax_layout_bg_size&quot;:&quot;auto&quot;,&quot;jet_parallax_layout_bg_size_tablet&quot;:&quot;&quot;,&quot;jet_parallax_layout_bg_size_mobile&quot;:&quot;&quot;,&quot;jet_parallax_layout_animation_prop&quot;:&quot;transform&quot;,&quot;jet_parallax_layout_on&quot;:[&quot;desktop&quot;,&quot;tablet&quot;]}]}\">\n\t\t\t\t\t\t<div class=\"elementor-container elementor-column-gap-default\">\n\t\t\t\t\t\t\t<div class=\"elementor-row\">\n\t\t\t\t\t<div class=\"elementor-column elementor-col-100 elementor-top-column elementor-element elementor-element-46802b6\" data-id=\"46802b6\" data-element_type=\"column\">\n\t\t\t<div class=\"elementor-column-wrap elementor-element-populated\">\n\t\t\t\t\t\t\t<div class=\"elementor-widget-wrap\">\n\t\t\t\t\t\t<div class=\"elementor-element elementor-element-ddba616 elementor-tablet-align-center elementor-align-center elementor-widget elementor-widget-raven-heading\" data-id=\"ddba616\" data-element_type=\"widget\" data-widget_type=\"raven-heading.default\">\n\t\t\t\t<div class=\"elementor-widget-container\">\n\t\t\t\t\t<div class=\"raven-widget-wrapper\"><h2 class=\"raven-heading raven-heading-h2\"><span class=\"raven-heading-title \">Impressum:<\/span><\/h2><\/div>\n\t\t\t\t<\/div>\n\t\t\t\t<\/div>\n\t\t\t\t<section class=\"elementor-section elementor-inner-section elementor-element elementor-element-bf8b66e elementor-section-boxed elementor-section-height-default elementor-section-height-default\" data-id=\"bf8b66e\" data-element_type=\"section\" data-settings=\"{&quot;jet_parallax_layout_list&quot;:[{&quot;jet_parallax_layout_image&quot;:{&quot;url&quot;:&quot;&quot;,&quot;id&quot;:&quot;&quot;,&quot;size&quot;:&quot;&quot;},&quot;_id&quot;:&quot;b9a9463&quot;,&quot;jet_parallax_layout_image_tablet&quot;:{&quot;url&quot;:&quot;&quot;,&quot;id&quot;:&quot;&quot;,&quot;size&quot;:&quot;&quot;},&quot;jet_parallax_layout_image_mobile&quot;:{&quot;url&quot;:&quot;&quot;,&quot;id&quot;:&quot;&quot;,&quot;size&quot;:&quot;&quot;},&quot;jet_parallax_layout_speed&quot;:{&quot;unit&quot;:&quot;%&quot;,&quot;size&quot;:50,&quot;sizes&quot;:[]},&quot;jet_parallax_layout_type&quot;:&quot;scroll&quot;,&quot;jet_parallax_layout_direction&quot;:&quot;1&quot;,&quot;jet_parallax_layout_fx_direction&quot;:null,&quot;jet_parallax_layout_z_index&quot;:&quot;&quot;,&quot;jet_parallax_layout_bg_x&quot;:50,&quot;jet_parallax_layout_bg_x_tablet&quot;:&quot;&quot;,&quot;jet_parallax_layout_bg_x_mobile&quot;:&quot;&quot;,&quot;jet_parallax_layout_bg_y&quot;:50,&quot;jet_parallax_layout_bg_y_tablet&quot;:&quot;&quot;,&quot;jet_parallax_layout_bg_y_mobile&quot;:&quot;&quot;,&quot;jet_parallax_layout_bg_size&quot;:&quot;auto&quot;,&quot;jet_parallax_layout_bg_size_tablet&quot;:&quot;&quot;,&quot;jet_parallax_layout_bg_size_mobile&quot;:&quot;&quot;,&quot;jet_parallax_layout_animation_prop&quot;:&quot;transform&quot;,&quot;jet_parallax_layout_on&quot;:[&quot;desktop&quot;,&quot;tablet&quot;]}]}\">\n\t\t\t\t\t\t<div class=\"elementor-container elementor-column-gap-default\">\n\t\t\t\t\t\t\t<div class=\"elementor-row\">\n\t\t\t\t\t<div class=\"elementor-column elementor-col-50 elementor-inner-column elementor-element elementor-element-10d2602\" data-id=\"10d2602\" data-element_type=\"column\">\n\t\t\t<div class=\"elementor-column-wrap elementor-element-populated\">\n\t\t\t\t\t\t\t<div class=\"elementor-widget-wrap\">\n\t\t\t\t\t\t<div class=\"elementor-element elementor-element-5cf89da elementor-widget elementor-widget-text-editor\" data-id=\"5cf89da\" data-element_type=\"widget\" data-widget_type=\"text-editor.default\">\n\t\t\t\t<div class=\"elementor-widget-container\">\n\t\t\t\t\t\t\t\t<div class=\"elementor-text-editor elementor-clearfix\">\n\t\t\t\t<p><strong>Proprietario e responsabile per il contenuto:<\/strong><br \/>Residence Arnika<br \/>Via M. Schranzhofer 26 , 39039\u00a0San Candido<br \/>Tel. +39 0474 916008<br \/><a href=\"mailto:info@residence-arnika.it\">info@residence-arnika.it<\/a><br \/><a href=\"http:\/\/www.residence-arnika.it\">www.residence-arnika.it<\/a><\/p><p>P.IVA: 02721370217<br \/>Cod fisc.: PRYHDG49H55Z112S<\/p><p>CIN: IT021077B4IXLWRXI9<\/p><p><strong>Materiale fotografico:<\/strong><br \/>Residence Arnika, Fuchsdesign<br \/>Kottersteger, Wisthaler, Colman, Tschurtschenthaler &#8211; Drei Zinnen Marketing\/San Candido<br \/>Herz: Photo by Debby Hudson on <a href=\"https:\/\/unsplash.com\/s\/photos\/heart?utm_source=unsplash&amp;utm_medium=referral&amp;utm_content=creditCopyText\">Unsplash<\/a><\/p><p><strong>Avviso di responsabilit\u00e0:<\/strong><br \/>I marchi e le societ\u00e0 citate su questo sito sono di propriet\u00e0 del apposito titolare.<br \/>Nonostante l\u2019attento controllo dei contenuti, non assumiamo nessuna responsabilit\u00e0 per i contenuti relativi a link esterni. Sono responsabili per il contenuto delle pagine collegate esclusivamente i gestori delle pagine stesse.<\/p>\t\t\t\t\t<\/div>\n\t\t\t\t\t\t<\/div>\n\t\t\t\t<\/div>\n\t\t\t\t\t\t<\/div>\n\t\t\t\t\t<\/div>\n\t\t<\/div>\n\t\t\t\t<div class=\"elementor-column elementor-col-50 elementor-inner-column elementor-element elementor-element-9d9dda6\" data-id=\"9d9dda6\" data-element_type=\"column\">\n\t\t\t<div class=\"elementor-column-wrap elementor-element-populated\">\n\t\t\t\t\t\t\t<div class=\"elementor-widget-wrap\">\n\t\t\t\t\t\t<div class=\"elementor-element elementor-element-9bfca6b elementor-widget elementor-widget-text-editor\" data-id=\"9bfca6b\" data-element_type=\"widget\" data-widget_type=\"text-editor.default\">\n\t\t\t\t<div class=\"elementor-widget-container\">\n\t\t\t\t\t\t\t\t<div class=\"elementor-text-editor elementor-clearfix\">\n\t\t\t\t<p><strong>Realizzazione, Concetto &amp; Design:<br \/><\/strong>Fuchsdesign<br \/>Via Dolomiti 25a, 39034 Dobbiaco<br \/>Alto Adige \u2013 Italia<br \/>Tel +39 0474 979 048<br \/><a href=\"mailto:info@fuchsdesign.it\">info@fuchsdesign.it<\/a><br \/><a class=\"external-link-new-window\" title=\"Opens external link in new window\" href=\"http:\/\/www.fuchsdesign.it\" target=\"_blank\" rel=\"noopener noreferrer\">www.fuchsdesign.it<\/a><\/p><p><strong>Informazione obbligatoria ai sensi del Regolamento UE n. 524\/2016 del Parlamento europeo e del Consiglio<\/strong><br \/>Piattaforma per la risoluzione delle controversie online dei consumatori (ODR) della Commissione europea: <a href=\"https:\/\/ec.europa.eu\/consumers\/odr\/\" target=\"_blank\" rel=\"noopener noreferrer\">https:\/\/ec.europa.eu\/consumers\/odr\/<\/a><\/p>\t\t\t\t\t<\/div>\n\t\t\t\t\t\t<\/div>\n\t\t\t\t<\/div>\n\t\t\t\t\t\t<\/div>\n\t\t\t\t\t<\/div>\n\t\t<\/div>\n\t\t\t\t\t\t\t\t<\/div>\n\t\t\t\t\t<\/div>\n\t\t<\/section>\n\t\t\t\t\t\t<\/div>\n\t\t\t\t\t<\/div>\n\t\t<\/div>\n\t\t\t\t\t\t\t\t<\/div>\n\t\t\t\t\t<\/div>\n\t\t<\/section>\n\t\t\t\t\t\t\t\t\t<\/div>\n\t\t\t<\/div>\n\t\t\t\t\t<\/div>\n\t\t","protected":false},"excerpt":{"rendered":"<p>Impressum: Proprietario e responsabile per il contenuto:Residence ArnikaVia M. Schranzhofer 26 , 39039\u00a0San CandidoTel. +39 0474 916008info@residence-arnika.itwww.residence-arnika.it P.IVA: 02721370217Cod fisc.: PRYHDG49H55Z112S CIN: IT021077B4IXLWRXI9 Materiale fotografico:Residence Arnika, FuchsdesignKottersteger, Wisthaler, Colman, Tschurtschenthaler &#8211; Drei Zinnen Marketing\/San CandidoHerz: Photo by Debby Hudson on Unsplash Avviso di responsabilit\u00e0:I marchi e le societ\u00e0 citate su questo sito sono di propriet\u00e0 [&hellip;]<\/p>\n","protected":false},"author":1,"featured_media":0,"parent":0,"menu_order":0,"comment_status":"closed","ping_status":"closed","template":"elementor_header_footer","meta":[],"acf":[],"yoast_head":"<!-- This site is optimized with the Yoast SEO plugin v20.7 - https:\/\/yoast.com\/wordpress\/plugins\/seo\/ -->\n<title>Impressum - Residence Arnika - Appartamenti San Candido<\/title>\n<meta name=\"robots\" content=\"index, follow, max-snippet:-1, max-image-preview:large, max-video-preview:-1\" \/>\n<link rel=\"canonical\" href=\"https:\/\/www.residence-arnika.it\/it\/impressum\/\" \/>\n<meta property=\"og:locale\" content=\"it_IT\" \/>\n<meta property=\"og:type\" content=\"article\" \/>\n<meta property=\"og:title\" content=\"Impressum - Residence Arnika - Appartamenti San Candido\" \/>\n<meta property=\"og:description\" content=\"Impressum: Proprietario e responsabile per il contenuto:Residence ArnikaVia M. Schranzhofer 26 , 39039\u00a0San CandidoTel. +39 0474 916008info@residence-arnika.itwww.residence-arnika.it P.IVA: 02721370217Cod fisc.: PRYHDG49H55Z112S CIN: IT021077B4IXLWRXI9 Materiale fotografico:Residence Arnika, FuchsdesignKottersteger, Wisthaler, Colman, Tschurtschenthaler &#8211; Drei Zinnen Marketing\/San CandidoHerz: Photo by Debby Hudson on Unsplash Avviso di responsabilit\u00e0:I marchi e le societ\u00e0 citate su questo sito sono di propriet\u00e0 [&hellip;]\" \/>\n<meta property=\"og:url\" content=\"https:\/\/www.residence-arnika.it\/it\/impressum\/\" \/>\n<meta property=\"og:site_name\" content=\"Residence Arnica\" \/>\n<meta property=\"article:modified_time\" content=\"2025-12-11T07:43:29+00:00\" \/>\n<meta name=\"twitter:card\" content=\"summary_large_image\" \/>\n<meta name=\"twitter:label1\" content=\"Tempo di lettura stimato\" \/>\n\t<meta name=\"twitter:data1\" content=\"1 minuto\" \/>\n<script type=\"application\/ld+json\" class=\"yoast-schema-graph\">{\"@context\":\"https:\/\/schema.org\",\"@graph\":[{\"@type\":\"WebPage\",\"@id\":\"https:\/\/www.residence-arnika.it\/it\/impressum\/\",\"url\":\"https:\/\/www.residence-arnika.it\/it\/impressum\/\",\"name\":\"Impressum - Residence Arnika - Appartamenti San Candido\",\"isPartOf\":{\"@id\":\"https:\/\/www.residence-arnika.it\/#website\"},\"datePublished\":\"2021-03-11T10:31:50+00:00\",\"dateModified\":\"2025-12-11T07:43:29+00:00\",\"breadcrumb\":{\"@id\":\"https:\/\/www.residence-arnika.it\/it\/impressum\/#breadcrumb\"},\"inLanguage\":\"it-IT\",\"potentialAction\":[{\"@type\":\"ReadAction\",\"target\":[\"https:\/\/www.residence-arnika.it\/it\/impressum\/\"]}]},{\"@type\":\"BreadcrumbList\",\"@id\":\"https:\/\/www.residence-arnika.it\/it\/impressum\/#breadcrumb\",\"itemListElement\":[{\"@type\":\"ListItem\",\"position\":1,\"name\":\"Startseite\",\"item\":\"https:\/\/www.residence-arnika.it\/it\/\"},{\"@type\":\"ListItem\",\"position\":2,\"name\":\"Impressum\"}]},{\"@type\":\"WebSite\",\"@id\":\"https:\/\/www.residence-arnika.it\/#website\",\"url\":\"https:\/\/www.residence-arnika.it\/\",\"name\":\"Residence Arnica\",\"description\":\"Appartamenti a San Candido\",\"publisher\":{\"@id\":\"https:\/\/www.residence-arnika.it\/#organization\"},\"potentialAction\":[{\"@type\":\"SearchAction\",\"target\":{\"@type\":\"EntryPoint\",\"urlTemplate\":\"https:\/\/www.residence-arnika.it\/?s={search_term_string}\"},\"query-input\":\"required name=search_term_string\"}],\"inLanguage\":\"it-IT\"},{\"@type\":\"Organization\",\"@id\":\"https:\/\/www.residence-arnika.it\/#organization\",\"name\":\"Residence Arnika\",\"url\":\"https:\/\/www.residence-arnika.it\/\",\"logo\":{\"@type\":\"ImageObject\",\"inLanguage\":\"it-IT\",\"@id\":\"https:\/\/www.residence-arnika.it\/#\/schema\/logo\/image\/\",\"url\":\"https:\/\/www.residence-arnika.it\/wp-content\/uploads\/residence-arnika-logo.svg\",\"contentUrl\":\"https:\/\/www.residence-arnika.it\/wp-content\/uploads\/residence-arnika-logo.svg\",\"width\":217.38,\"height\":68.37,\"caption\":\"Residence Arnika\"},\"image\":{\"@id\":\"https:\/\/www.residence-arnika.it\/#\/schema\/logo\/image\/\"}}]}<\/script>\n<!-- \/ Yoast SEO plugin. -->","yoast_head_json":{"title":"Impressum - Residence Arnika - Appartamenti San Candido","robots":{"index":"index","follow":"follow","max-snippet":"max-snippet:-1","max-image-preview":"max-image-preview:large","max-video-preview":"max-video-preview:-1"},"canonical":"https:\/\/www.residence-arnika.it\/it\/impressum\/","og_locale":"it_IT","og_type":"article","og_title":"Impressum - Residence Arnika - Appartamenti San Candido","og_description":"Impressum: Proprietario e responsabile per il contenuto:Residence ArnikaVia M. Schranzhofer 26 , 39039\u00a0San CandidoTel. +39 0474 916008info@residence-arnika.itwww.residence-arnika.it P.IVA: 02721370217Cod fisc.: PRYHDG49H55Z112S CIN: IT021077B4IXLWRXI9 Materiale fotografico:Residence Arnika, FuchsdesignKottersteger, Wisthaler, Colman, Tschurtschenthaler &#8211; Drei Zinnen Marketing\/San CandidoHerz: Photo by Debby Hudson on Unsplash Avviso di responsabilit\u00e0:I marchi e le societ\u00e0 citate su questo sito sono di propriet\u00e0 [&hellip;]","og_url":"https:\/\/www.residence-arnika.it\/it\/impressum\/","og_site_name":"Residence Arnica","article_modified_time":"2025-12-11T07:43:29+00:00","twitter_card":"summary_large_image","twitter_misc":{"Tempo di lettura stimato":"1 minuto"},"schema":{"@context":"https:\/\/schema.org","@graph":[{"@type":"WebPage","@id":"https:\/\/www.residence-arnika.it\/it\/impressum\/","url":"https:\/\/www.residence-arnika.it\/it\/impressum\/","name":"Impressum - Residence Arnika - Appartamenti San Candido","isPartOf":{"@id":"https:\/\/www.residence-arnika.it\/#website"},"datePublished":"2021-03-11T10:31:50+00:00","dateModified":"2025-12-11T07:43:29+00:00","breadcrumb":{"@id":"https:\/\/www.residence-arnika.it\/it\/impressum\/#breadcrumb"},"inLanguage":"it-IT","potentialAction":[{"@type":"ReadAction","target":["https:\/\/www.residence-arnika.it\/it\/impressum\/"]}]},{"@type":"BreadcrumbList","@id":"https:\/\/www.residence-arnika.it\/it\/impressum\/#breadcrumb","itemListElement":[{"@type":"ListItem","position":1,"name":"Startseite","item":"https:\/\/www.residence-arnika.it\/it\/"},{"@type":"ListItem","position":2,"name":"Impressum"}]},{"@type":"WebSite","@id":"https:\/\/www.residence-arnika.it\/#website","url":"https:\/\/www.residence-arnika.it\/","name":"Residence Arnica","description":"Appartamenti a San Candido","publisher":{"@id":"https:\/\/www.residence-arnika.it\/#organization"},"potentialAction":[{"@type":"SearchAction","target":{"@type":"EntryPoint","urlTemplate":"https:\/\/www.residence-arnika.it\/?s={search_term_string}"},"query-input":"required name=search_term_string"}],"inLanguage":"it-IT"},{"@type":"Organization","@id":"https:\/\/www.residence-arnika.it\/#organization","name":"Residence Arnika","url":"https:\/\/www.residence-arnika.it\/","logo":{"@type":"ImageObject","inLanguage":"it-IT","@id":"https:\/\/www.residence-arnika.it\/#\/schema\/logo\/image\/","url":"https:\/\/www.residence-arnika.it\/wp-content\/uploads\/residence-arnika-logo.svg","contentUrl":"https:\/\/www.residence-arnika.it\/wp-content\/uploads\/residence-arnika-logo.svg","width":217.38,"height":68.37,"caption":"Residence Arnika"},"image":{"@id":"https:\/\/www.residence-arnika.it\/#\/schema\/logo\/image\/"}}]}},"_links":{"self":[{"href":"https:\/\/www.residence-arnika.it\/it\/wp-json\/wp\/v2\/pages\/1145"}],"collection":[{"href":"https:\/\/www.residence-arnika.it\/it\/wp-json\/wp\/v2\/pages"}],"about":[{"href":"https:\/\/www.residence-arnika.it\/it\/wp-json\/wp\/v2\/types\/page"}],"author":[{"embeddable":true,"href":"https:\/\/www.residence-arnika.it\/it\/wp-json\/wp\/v2\/users\/1"}],"replies":[{"embeddable":true,"href":"https:\/\/www.residence-arnika.it\/it\/wp-json\/wp\/v2\/comments?post=1145"}],"version-history":[{"count":3,"href":"https:\/\/www.residence-arnika.it\/it\/wp-json\/wp\/v2\/pages\/1145\/revisions"}],"predecessor-version":[{"id":2219,"href":"https:\/\/www.residence-arnika.it\/it\/wp-json\/wp\/v2\/pages\/1145\/revisions\/2219"}],"wp:attachment":[{"href":"https:\/\/www.residence-arnika.it\/it\/wp-json\/wp\/v2\/media?parent=1145"}],"curies":[{"name":"wp","href":"https:\/\/api.w.org\/{rel}","templated":true}]}}